{"id":211,"date":"2014-04-16T22:06:29","date_gmt":"2014-04-16T22:06:29","guid":{"rendered":"http:\/\/titusweb.eu\/?page_id=211"},"modified":"2018-09-01T03:21:06","modified_gmt":"2018-09-01T03:21:06","slug":"teszt-oldal","status":"publish","type":"page","link":"https:\/\/titusweb.eu\/?page_id=211","title":{"rendered":"Chat"},"content":{"rendered":"<style type=\"text\/css\"><!--\n.style1 {font-size: 24px} .style2 {\tfont-size: 22px; \tfont-weight: bold; } .style4 {font-size: 24px; font-weight: bold; } -->\n--><\/style>\n<table width=\"219\" border=\"0\">\n<tbody>\n<tr>\n<td width=\"53\"><span class=\"style2\"><img loading=\"lazy\" alt=\"\" src=\"https:\/\/titusweb.eu\/img\/ch_icon.png\" width=\"48\" height=\"42\" \/><\/span><\/td>\n<td width=\"156\"><span class=\"style4\"> TitusWebChat<\/span><\/td>\n<\/tr>\n<\/tbody>\n<\/table>\n<p><center><\/center>&nbsp;<\/p>\n<style type=\"text\/css\"><!--\n.style1 { \tfont-size: 24px } -->\n--><\/style>\n<p><center><a class=\"style1\" title=\"TitusWeb Chat\" href=\"https:\/\/www.dumanet.hu\/chat\/?chan=314\" target=\"_blank\">Bel\u00e9p\u00e9s a chat szob\u00e1nkba!<\/a><\/center>&nbsp;<\/p>\n<p>&nbsp;<\/p>\n<p><strong>A chat szob\u00e1ra vonatkoz\u00f3 \u00e1ltal\u00e1nos szab\u00e1lyok:<\/strong><br \/>\n&#8211; TILOS a rekl\u00e1m, spam, flood tev\u00e9kenys\u00e9g.<br \/>\n&#8211; Alapvet\u0151 viselked\u00e9si norm\u00e1k betart\u00e1sa, netikett k\u00f6vet\u00e9se.<br \/>\n&#8211; A DumaNet IRC szerver szab\u00e1lyainak betart\u00e1sa.<br \/>\n&#8211; <span class=\"style6\">Nick (chates n\u00e9v) regisztr\u00e1ci\u00f3j\u00e1ra <span style=\"text-decoration: underline;\">csak<\/span> a DumaNet honlapj\u00e1n van lehet\u0151s\u00e9g.<\/span><\/p>\n<p>&nbsp;<\/p>\n<div align=\"left\">\n<table style=\"text-align: left; background-color: #ffff99; width: 100%;\" width=\"50%\" border=\"0\" cellspacing=\"2\" cellpadding=\"2\">\n<tbody>\n<tr>\n<td><strong>A chat szob\u00e1nk a <a href=\"https:\/\/www.dumanet.hu\" target=\"_blank\">DumaNet<\/a> chat h\u00e1l\u00f3zat\u00e1n \u00fczemel.<br \/>\nIRC: irc.dumanet.hu Port: 6667 Szoba: #titusweb<\/strong><\/td>\n<\/tr>\n<\/tbody>\n<\/table>\n<p>&nbsp;<\/p>\n<p><center><a href=\"https:\/\/www.dumanet.hu\" target=\"_blank\"><img alt=\"\" src=\"https:\/\/titusweb.eu\/img\/dnbanner.gif\" \/><\/a><\/center><\/div>\n<p><!-- TiTuSWEB 2014 --><\/p>\n<style type=\"text\/css\"><!--\n.style2 {\tfont-size: 22px; \tfont-weight: bold; } .style4 {font-size: 24px; font-weight: bold; } .style5 {color: #000000} .style6 {color: #0000FF} -->\n--><\/style>\n","protected":false},"excerpt":{"rendered":"<p>TitusWebChat &nbsp; Bel\u00e9p\u00e9s a chat szob\u00e1nkba!&nbsp; &nbsp; A chat szob\u00e1ra vonatkoz\u00f3 \u00e1ltal\u00e1nos szab\u00e1lyok: &#8211; TILOS a rekl\u00e1m, spam, flood tev\u00e9kenys\u00e9g. &#8211; Alapvet\u0151 viselked\u00e9si norm\u00e1k betart\u00e1sa, netikett k\u00f6vet\u00e9se. &#8211; A DumaNet IRC szerver szab\u00e1lyainak betart\u00e1sa. &#8211; Nick (chates n\u00e9v) regisztr\u00e1ci\u00f3j\u00e1ra csak a DumaNet honlapj\u00e1n van lehet\u0151s\u00e9g. &nbsp; A chat szob\u00e1nk a DumaNet chat h\u00e1l\u00f3zat\u00e1n \u00fczemel. IRC: &hellip; <\/p>\n<p><a class=\"more-link block-button\" href=\"https:\/\/titusweb.eu\/?page_id=211\">Olvass tov\u00e1bb &raquo;<\/a><\/p>\n","protected":false},"author":1,"featured_media":0,"parent":0,"menu_order":0,"comment_status":"open","ping_status":"open","template":"","meta":[],"_links":{"self":[{"href":"https:\/\/titusweb.eu\/index.php?rest_route=\/wp\/v2\/pages\/211"}],"collection":[{"href":"https:\/\/titusweb.eu\/index.php?rest_route=\/wp\/v2\/pages"}],"about":[{"href":"https:\/\/titusweb.eu\/index.php?rest_route=\/wp\/v2\/types\/page"}],"author":[{"embeddable":true,"href":"https:\/\/titusweb.eu\/index.php?rest_route=\/wp\/v2\/users\/1"}],"replies":[{"embeddable":true,"href":"https:\/\/titusweb.eu\/index.php?rest_route=%2Fwp%2Fv2%2Fcomments&post=211"}],"version-history":[{"count":14,"href":"https:\/\/titusweb.eu\/index.php?rest_route=\/wp\/v2\/pages\/211\/revisions"}],"predecessor-version":[{"id":294,"href":"https:\/\/titusweb.eu\/index.php?rest_route=\/wp\/v2\/pages\/211\/revisions\/294"}],"wp:attachment":[{"href":"https:\/\/titusweb.eu\/index.php?rest_route=%2Fwp%2Fv2%2Fmedia&parent=211"}],"curies":[{"name":"wp","href":"https:\/\/api.w.org\/{rel}","templated":true}]}}